{"id":1647,"date":"2023-04-12T10:13:50","date_gmt":"2023-04-12T10:13:50","guid":{"rendered":"https:\/\/wplnbb.logistik-bb.de\/?page_id=1647"},"modified":"2026-03-06T10:57:45","modified_gmt":"2026-03-06T09:57:45","slug":"ag-citylogistik","status":"publish","type":"page","link":"https:\/\/logistiknetz-bb.de\/?page_id=1647","title":{"rendered":"AG Smart &#038; Green Logistics"},"content":{"rendered":"\t\t<div data-elementor-type=\"wp-page\" data-elementor-id=\"1647\" class=\"elementor elementor-1647\">\n\t\t\t\t<div class=\"elementor-element elementor-element-1bda2562 e-con-full e-flex e-con e-parent\" data-id=\"1bda2562\" data-element_type=\"container\">\n\t\t\t\t<div class=\"elementor-element elementor-element-0c535a5 elementor-widget elementor-widget-image\" data-id=\"0c535a5\" data-element_type=\"widget\" data-widget_type=\"image.default\">\n\t\t\t\t<div class=\"elementor-widget-container\">\n\t\t\t\t\t\t\t\t\t\t\t\t\t\t\t<img decoding=\"async\" src=\"https:\/\/logistiknetz-bb.de\/wp-content\/uploads\/elementor\/thumbs\/IMG20220929171107-scaled-qg3ctw4ckznwm39r5tal4tyvf018d0kqufnl5l92u8.jpg\" title=\"IMG20220929171107\" alt=\"IMG20220929171107\" loading=\"lazy\" \/>\t\t\t\t\t\t\t\t\t\t\t\t\t\t\t<\/div>\n\t\t\t\t<\/div>\n\t\t\t\t<\/div>\n\t\t<div class=\"elementor-element elementor-element-2968bef e-flex e-con-boxed e-con e-parent\" data-id=\"2968bef\" data-element_type=\"container\">\n\t\t\t\t\t<div class=\"e-con-inner\">\n\t\t\t\t<div class=\"elementor-element elementor-element-40570ff section-title elementor-widget elementor-widget-heading\" data-id=\"40570ff\" data-element_type=\"widget\" data-widget_type=\"heading.default\">\n\t\t\t\t<div class=\"elementor-widget-container\">\n\t\t\t\t\t<h2 class=\"elementor-heading-title elementor-size-default\">AG Smart &amp; Green Logistics<\/h2>\t\t\t\t<\/div>\n\t\t\t\t<\/div>\n\t\t\t\t<div class=\"elementor-element elementor-element-656c71e0 elementor-widget elementor-widget-text-editor\" data-id=\"656c71e0\" data-element_type=\"widget\" data-widget_type=\"text-editor.default\">\n\t\t\t\t<div class=\"elementor-widget-container\">\n\t\t\t\t\t\t\t\t\t<h2 class=\"wp-block-heading\">Unsere Ziele<\/h2>\n<p><!-- \/wp:heading --><!-- wp:list --><\/p>\n<ul>\n<li style=\"list-style-type: none;\">\n<ul><!-- wp:list-item --><\/ul>\n<\/li>\n<\/ul>\n<ul>\n<li style=\"list-style-type: none;\">\n<ul>\n<li>Citylogistik nachhaltig gestalten<\/li>\n<\/ul>\n<\/li>\n<\/ul>\n<p><!-- \/wp:list-item --><!-- wp:list-item --><\/p>\n<ul>\n<li style=\"list-style-type: none;\">\n<ul>\n<li>Effizienter und umweltschonender Lieferverkehr<\/li>\n<\/ul>\n<\/li>\n<\/ul>\n<p><!-- \/wp:list-item --><!-- wp:list-item --><\/p>\n<ul>\n<li style=\"list-style-type: none;\">\n<ul>\n<li>Formen neuer Zustellung einen Raum geben (Drohnen, Zustellroboter)<\/li>\n<\/ul>\n<\/li>\n<\/ul>\n<p><!-- \/wp:list-item --><!-- wp:list-item --><\/p>\n<ul>\n<li style=\"list-style-type: none;\">\n<ul>\n<li>Optimierte, moderne Quartiersl\u00f6sungen<\/li>\n<\/ul>\n<\/li>\n<\/ul>\n<h2 class=\"wp-block-heading\">Ansprechpartner<\/h2>\n<p><!-- \/wp:heading --><!-- wp:paragraph --><\/p>\n<p>Karsten Tews<br \/><a href=\"mailto:K.Tews@ecomlogistik.de\">K.Tews@ecomlogistik.de<\/a><\/p>\n<p><!-- \/wp:paragraph --><!-- wp:paragraph --><\/p>\n<p>LNBB-Gesch\u00e4ftsstelle: Katharina L\u00fcdicke\u00a0<br \/><a href=\"mailto:office@logistiknetz-bb.de\">office@logistiknetz-bb.de<\/a><br \/>Tel.: +49 152 08615272<\/p>\n<p><!-- \/wp:paragraph --><!-- wp:heading --><\/p>\n<h2 class=\"wp-block-heading\">Teilnehmer der AG<\/h2>\n<p><!-- \/wp:heading --><!-- wp:paragraph --><\/p>\n<div class=\"column small-12 medium-6 name\"><a href=\"https:\/\/bdkep.de\/\" target=\"_blank\" rel=\"noopener\">BdKEP \u2013 Bundesverband der Kurier-Express-Post-Dienste e.V.<\/a><\/div>\n<p><a href=\"https:\/\/www.dachser.de\/de\/\" target=\"_blank\" rel=\"noopener\">Dachser SE<\/a><br \/><a href=\"https:\/\/fahrweg.dbnetze.com\/fahrweg-de\" target=\"_blank\" rel=\"noopener\">DB Netz AG\u00a0<\/a><br \/><a href=\"https:\/\/www.desag-holding.de\/de\/\" target=\"_blank\" rel=\"noopener\">Deutsche Eisenbahn Service AG<\/a><br \/><a href=\"https:\/\/www.ecomlogistik.de\/\" target=\"_blank\" rel=\"noopener\">eCom Logistik GmbH<\/a><br \/><a href=\"https:\/\/geodis.com\/de\/\" target=\"_blank\" rel=\"noopener\">GEODIS CL Germany GmbH<\/a><br \/><a href=\"https:\/\/www.nxtbase.de\/\" target=\"_blank\" rel=\"noopener\">nxtbase technologies GmbH<\/a><br \/><span style=\"color: var( --e-global-color-text ); font-weight: var( --e-global-typography-text-font-weight ); text-align: var(--text-align); font-size: 0.875rem;\"><a href=\"https:\/\/www.wfbb.de\/\" target=\"_blank\" rel=\"noopener\">Wirtschaftsf\u00f6rderung Land Brandenburg GmbH (WFBB)<\/a><br \/><\/span><a href=\"https:\/\/www.wisag.de\/\" target=\"_blank\" rel=\"noopener\">WISAG Dienstleistungsholding SE<\/a><\/p>\n<p><!-- \/wp:list-item --><\/p>\n<p><!-- \/wp:list --><!-- wp:group {\"backgroundColor\":\"pale-cyan-blue\",\"layout\":{\"type\":\"constrained\"}} --><\/p>\n<div class=\"wp-block-group has-pale-cyan-blue-background-color has-background\">\n<p><!-- wp:heading --><\/p>\n<h2 class=\"wp-block-heading\">N\u00e4chster Termin<\/h2>\n<p><!-- \/wp:heading --><!-- wp:paragraph --><\/p>\n<p style=\"padding-left: 40px;\">Wird bald angek\u00fcndigt<\/p>\n<p><strong>Gestalten Sie die Themen der Arbeitsgruppe mit und bringen Sie sich aktiv ein!<\/strong><\/p>\n<p><!-- \/wp:paragraph --><!-- wp:paragraph --><\/p>\n<p><!-- \/wp:paragraph --><!-- wp:paragraph --><\/p>\n<p>Wenn Sie an der Arbeitsgruppe interessiert sind und mitmachen m\u00f6chten, wenden Sie sich gern an die Gesch\u00e4ftsstelle des LNBB:<br \/><a href=\"mailto:office@logistiknetz-bb.de\">office@logistiknetz-bb.de<\/a><\/p>\n<\/div>\n<h2>\u00a0<\/h2>\n<h2 class=\"wp-block-heading\">News<\/h2>\n<h3 class=\"wp-block-heading\">06.03.2026: Umbenennung der Arbeitsgruppe Citylogistik in AG Smart &amp; Green Logistics<\/h3>\n<p><strong>Die Arbeitsgruppe Citylogistik hat sich neu aufgestellt \u2013 und erh\u00e4lt einen neuen Namen, der ihrem erweiterten Aufgabenspektrum Rechnung tr\u00e4gt. Aus der AG Citylogistik wird die AG Smart &amp; Green Logistics.\u00a0<br \/><\/strong>Wir freuen uns auf die weitere Zusammenarbeit in neuem Gewand und laden alle Interessierten herzlich ein, sich in der AG Smart &amp; Green Logistics zu engagieren!<\/p>\n<h3 class=\"wp-block-heading\">Die Arbeitsgruppe Citylogistik tagte am 28.03.2022<\/h3>\n<p><!-- \/wp:heading --><!-- wp:paragraph --><\/p>\n<p>Wir haben ein weiteres Mal das Projekt Mierendorff-Insel besucht und gelernt, wie sich das Transformationskonzept nachhaltige Mobilit\u00e4t weiterentwickelt hat.<br \/>Au\u00dferdem stellten die Lieferdienste \u201eKiezbote\u201c und \u201eTHEO\u201c ihre nachhaltigen Gesch\u00e4ftsmodelle auf der letzten Meile vor.<br \/>Als Gast konnten wir u.a. ein wiederholtes Mal ProPotsdam begr\u00fc\u00dfen.<br \/>Wir bedanken uns f\u00fcr die Gastfreundschaft bei Herr Rolf Mienkus, GF Insel-Projekt Berlin GmbH &amp; Begr\u00fcnder der Vision \u201eDie nachhaltige Mierendorff-INSEL 2030\u201c.<\/p>\n<p><!-- \/wp:paragraph --><!-- wp:paragraph --><\/p>\n<p><!-- \/wp:paragraph --><!-- wp:paragraph --><\/p>\n<p><!-- \/wp:paragraph --><!-- wp:paragraph --><\/p>\n<p><!-- \/wp:paragraph --><!-- wp:heading {\"level\":4} --><\/p>\n<h4 class=\"wp-block-heading\">Hier k\u00f6nnen Sie die Pr\u00e4sentation als PDF herunterladen:<\/h4>\n<p><!-- \/wp:heading --><!-- wp:list --><\/p>\n<ul>\n<li style=\"list-style-type: none;\">\n<ul><!-- wp:list-item --><\/ul>\n<\/li>\n<\/ul>\n<ul>\n<li><a href=\"https:\/\/www.logistiknetz-bb.de\/fileadmin\/user_upload\/NSEL-PROJEKT.BERLIN.pdf\">INSEL-PROJEKT.BERLIN.pdf<\/a><\/li>\n<\/ul>\n<p><!-- \/wp:heading --><!-- wp:heading {\"level\":3} --><\/p>\n<h3 class=\"wp-block-heading\">Die AG Citylogistik traf sich am 15. Februar 2023 bei der ONOMOTION GmbH<\/h3>\n<p><!-- \/wp:heading --><!-- wp:paragraph --><\/p>\n<p>Herr Beres Seelbach, einer der Gr\u00fcnder von ONOMOTION, hat die Vision hinter seinem Unternehmen und eine neue Art von Stadtfahrzeugen f\u00fcr einen nachhaltigen urbanen Warenwirtschaftsverkehr vorgestellt. Au\u00dferdem stellte Herr Andreas Schwager von der Deutsche Post\u00a0DHL\u00a0Group das Pilotprojekt Pakettransport per elektrisch angetriebenem Solarschiff vor.<\/p>\n<p><!-- \/wp:paragraph --><!-- wp:paragraph --><\/p>\n<p>Die AG-Teilnehmer bekamen Einblicke in die Fertigung des E-Cargobikes ONO und konnten den Hybrid aus Elektrofahrrad und Transporter selbst probefahren.<\/p>\n<p><!-- \/wp:paragraph --><!-- wp:paragraph --><\/p>\n<p>Wir bedanken uns f\u00fcr die Gastfreundschaft bei Herr Beres Seelbach und dem Team von Onomotion.<\/p>\n<p><!-- \/wp:paragraph --><!-- wp:image {\"id\":1648,\"sizeSlug\":\"full\",\"linkDestination\":\"none\"} --><\/p>\n<figure class=\"wp-block-image size-full\"><img fetchpriority=\"high\" decoding=\"async\" width=\"1024\" height=\"768\" class=\"wp-image-1648\" src=\"http:\/\/logistiknetz-bb.de\/wp-content\/uploads\/2023\/04\/PHOTO-2023-02-16-09-39-15.jpg\" alt=\"\" srcset=\"https:\/\/logistiknetz-bb.de\/wp-content\/uploads\/2023\/04\/PHOTO-2023-02-16-09-39-15.jpg 1024w, https:\/\/logistiknetz-bb.de\/wp-content\/uploads\/2023\/04\/PHOTO-2023-02-16-09-39-15-300x225.jpg 300w, https:\/\/logistiknetz-bb.de\/wp-content\/uploads\/2023\/04\/PHOTO-2023-02-16-09-39-15-768x576.jpg 768w\" sizes=\"(max-width: 1024px) 100vw, 1024px\" \/><\/figure>\n<p>\u00a0<\/p>\n<div class=\"wp-block-columns margin-left:100px;\">\n<div class=\"wp-block-column\">\n<p><span style=\"color: #333333; font-family: Raleway, Helvetica, Arial, sans-serif; font-size: 1.25rem; font-weight: 600;\">Die Arbeitsgruppe Citylogistik tagte am 31.09.2022<br \/><\/span>Bei unserem Online-Treffen ging es um die Frage<strong>,\u00a0<\/strong><strong>wie autonome Fahrzeuge die Logistik entlasten k\u00f6nnen<\/strong>.<br \/>Die Referenten aus Wirtschaft und Politik berichteten \u00fcber praktische Anwendungsf\u00e4lle, Herausforderungen und M\u00f6glichkeiten von autonomen Fahrzeugen.<br \/>Herr Christoph Hempsch von der Deutsche Post DHL, referierte \u00fcber Anwendungsbeispiele in der Post- und Paketlogistik. Herr Daniel Richart pr\u00e4sentierte das Projekt TERAKI und Herr Thomas Anderer vom EfeuCampus und Herr Victor Borsche von THEO stellten jeweils ihre Fahrzeuge und Projekte vor. Anschlie\u00dfend erl\u00e4uterte Herr Frank Niegeloh von der UMVK die rechtlichen M\u00f6glichkeiten in Bezug auf autonomes Fahren.<\/p>\n<p><span style=\"color: #333333; font-family: Raleway, Helvetica, Arial, sans-serif; font-size: 1.0625rem; font-weight: 600;\">Hier k\u00f6nnen Sie die Pr\u00e4sentationen als PDF herunterladen:<br \/><\/span><\/p>\n<ul>\n<li><a href=\"https:\/\/www.logistiknetz-bb.de\/fileadmin\/user_upload\/Deutsche_Post_DHL_Autonomes_Fahren.pdf\">Deutsche_Post_DHL_Autonomes_Fahren.pdf<\/a><\/li>\n<li><a href=\"https:\/\/www.logistiknetz-bb.de\/fileadmin\/user_upload\/Praesentation_AFGBV.pdf\">Praesentation_AFGBV.pdf<\/a><\/li>\n<li><a href=\"https:\/\/www.logistiknetz-bb.de\/fileadmin\/user_upload\/TERAKI_AGCityLogistik.pdf\">TERAKI_AGCityLogistik.pdf<\/a><\/li>\n<li><a href=\"https:\/\/www.logistiknetz-bb.de\/fileadmin\/user_upload\/220831_Berlin_-_AG_CityLogistik.pdf\">220831_Berlin_-_AG_CityLogistik.pdf<\/a><\/li>\n<\/ul>\n<p>Bei rechtlichen Fragen zum autonomen Fahrens im \u00f6ffentlichen Stra\u00dfenverkehr kontaktieren Sie: <br \/><strong>Herr Frank Niegeloh<br \/><\/strong>Senatsverwaltung f\u00fcr Umwelt, Mobilit\u00e4t, Verbraucher- und Klimaschutz<br \/><a href=\"mailto:frank.niegeloh@senumvk.berlin.de\">frank.niegeloh@senumvk.berlin.de<\/a><\/p>\n<\/div>\n<\/div>\n<p><!-- wp:heading --><!-- \/wp:list --><\/p>\t\t\t\t\t\t\t\t<\/div>\n\t\t\t\t<\/div>\n\t\t\t\t\t<\/div>\n\t\t\t\t<\/div>\n\t\t\t\t<\/div>\n\t\t","protected":false},"excerpt":{"rendered":"<p>AG Smart &amp; Green Logistics Unsere Ziele Citylogistik nachhaltig gestalten Effizienter und umweltschonender Lieferverkehr Formen neuer Zustellung einen Raum geben (Drohnen, Zustellroboter) Optimierte, moderne Quartiersl\u00f6sungen Ansprechpartner Karsten Tews K.Tews@ecomlogistik.de LNBB-Gesch\u00e4ftsstelle: &#8230;<\/p>\n","protected":false},"author":3,"featured_media":1617,"parent":0,"menu_order":0,"comment_status":"closed","ping_status":"closed","template":"template-fullwidth-stretched.php","meta":{"inline_featured_image":false,"footnotes":""},"_links":{"self":[{"href":"https:\/\/logistiknetz-bb.de\/index.php?rest_route=\/wp\/v2\/pages\/1647"}],"collection":[{"href":"https:\/\/logistiknetz-bb.de\/index.php?rest_route=\/wp\/v2\/pages"}],"about":[{"href":"https:\/\/logistiknetz-bb.de\/index.php?rest_route=\/wp\/v2\/types\/page"}],"author":[{"embeddable":true,"href":"https:\/\/logistiknetz-bb.de\/index.php?rest_route=\/wp\/v2\/users\/3"}],"replies":[{"embeddable":true,"href":"https:\/\/logistiknetz-bb.de\/index.php?rest_route=%2Fwp%2Fv2%2Fcomments&post=1647"}],"version-history":[{"count":78,"href":"https:\/\/logistiknetz-bb.de\/index.php?rest_route=\/wp\/v2\/pages\/1647\/revisions"}],"predecessor-version":[{"id":3888,"href":"https:\/\/logistiknetz-bb.de\/index.php?rest_route=\/wp\/v2\/pages\/1647\/revisions\/3888"}],"wp:featuredmedia":[{"embeddable":true,"href":"https:\/\/logistiknetz-bb.de\/index.php?rest_route=\/wp\/v2\/media\/1617"}],"wp:attachment":[{"href":"https:\/\/logistiknetz-bb.de\/index.php?rest_route=%2Fwp%2Fv2%2Fmedia&parent=1647"}],"curies":[{"name":"wp","href":"https:\/\/api.w.org\/{rel}","templated":true}]}}